{"id":43,"date":"2011-02-19T02:23:42","date_gmt":"2011-02-19T02:23:42","guid":{"rendered":"http:\/\/brainstim.psy.utexas.edu\/?page_id=43"},"modified":"2023-01-31T16:41:04","modified_gmt":"2023-01-31T16:41:04","slug":"publications","status":"publish","type":"page","link":"https:\/\/brainstim.psy.utexas.edu\/?page_id=43","title":{"rendered":"Publications"},"content":{"rendered":"<p><em><strong>Peer-reviewed <\/strong><\/em><em><strong>publications:<\/strong><\/em><\/p>\n<p><strong>Nadasdy, Z<\/strong>., Nguyen, T. P., T\u00f6r\u00f6k, \u00c1., Shen, J. Y., Briggs, D. E., Modur, P. N., &amp; <strong>Buchanan, R. J.<\/strong> (2017). Context-dependent spatially periodic activity in the human entorhinal cortex.&nbsp;<i>Proceedings of the National Academy of Sciences<\/i>,&nbsp;<i>114<\/i>(17), E3516-E3525.<\/p>\n<p>Buchanan RJ, Gjini K, Modur P, Meier KT, <strong>Nadasdy Z<\/strong>, Robinson JL (2015) In-vivo measurements of limbic Glutamate and GABA concentrations in epileptic patients during affective and cognitive tasks: A microdialysis study. Hippocampus. doi: 10.1002\/hipo.22552.<\/p>\n<p>Buchanan RJ, Gjini K, Darrow D, Varga G, Robinson JL, <strong>Nadasdy Z<\/strong> (2015) Glutamate and GABA concentration changes in the globus pallidus internus of Parkinson&#8217;s patients during performance of implicit and declarative memory tasks: a report of two subjects. Neurosci Lett. 589:73-8. doi: 10.1016\/j.neulet.2015.01.028.<\/p>\n<p>T\u00f6r\u00f6k \u00c1, NguyenP, Kolozsv\u00e1ri O, Buchanan RJ,<b> Nadasdy Z <\/b>(2014) Reference frames in virtual spatial navigation are viewpoint dependent Front. Hum. Neurosci., 09 (doi: 10.3389\/fnhum.2014.00646)<\/p>\n<p>Buchanan RJ, Darrow DP, Meier KT, Robinson J, Schiehser DM, Glahn DC, <strong>Nadasdy<\/strong> Z (2014) Changes in GABA and glutamate concentrations during memory tasks in patients with Parkinson&#8217;s disease undergoing DBS surgery. <em>Front Hum Neurosci. 2014;8:81. doi: 10.3389\/fnhum.2014.00081.<\/em><\/p>\n<p>Buchanan RJ, Darrow D, Monsivais D,&nbsp;<strong>Nadasdy<\/strong>&nbsp;Z, Gjini K (2014) Motor cortex stimulation for neuropathic pain syndromes: a case series experience.&nbsp;<em>Neuroreport. 2014;25(9):721-3.<\/em><\/p>\n<p>Zaborszky L, Csordas A, Mosca K, Kim J, Gielow M, Vadasz C, Varsanyi P, <b>Nadasdy Z <\/b>(2013)<b>:<\/b> Neurons in the Basal Forebrain Project to the Cortex in a Complex Topographic Organization that Reflects Corticocortical Connectivity Patterns: An Experimental Study Based on Retrograde Tracing and 3D Reconstruction<b> <\/b><i>Cerebral Cortex&nbsp;<\/i><\/p>\n<p>Mok SY,<b>&nbsp;Nadasdy Z,&nbsp;<\/b>Lim YM, and Goh SY (2012) Ultra-slow oscillations in cortical networks in vitro&nbsp;<i>Neurosci. 206<\/i><i>, 17\u201324<\/i><\/p>\n<p><strong>Nadasdy Z <\/strong>(2010) Binding by asynchrony: the neuronal phase code. <em>Front Neurosci<\/em>, 4. pii: 51.<\/p>\n<p>Zaborszky L, Varsanyi P and <strong>Nadasdy<\/strong><strong> Z<\/strong> (2010) Clustering of large cell populations: method and application to the basal forebrain cholinergic system <em>J. Neurosci Methods 194(1):46-55.<\/em><\/p>\n<p><strong>Nadasdy Z<\/strong> (2009) Information encoding and reconstruction from the phase of action potentials <em>Front Syst Neurosci <\/em>3:6<\/p>\n<p>Shmiel T, Drori R, Shmiel O, Ben-Shaul Y, <strong>Nadasdy Z<\/strong>, Shemesh M, Teicher M, and Abeles M (2006) Temporally precise cortical firing patterns are associated with distinct action segments. <em>J Neurophysiol<\/em>. 96(5): 2645-52.<\/p>\n<p>Wagenaar DA, <strong>Nadasdy Z<\/strong>, and Potter SM (2006) Persistent dynamic attractors in activity patterns of cultured neuronal networks, <em>Phys Rev E<\/em>, 73, 051907.<\/p>\n<p>Shmiel T, Drori R, Shmiel O, Ben-Shaul Y, <strong>Nadasdy Z<\/strong>, Shemesh M, Teicher M, and Abeles M (2005) <strong>Neurons of the cerebral cortex exhibit precise interspike timing in correspondence to behavior<\/strong> <em>PNAS<\/em>, 102(51): 18655-18657.<\/p>\n<p>Zaborszky L, Buhl DL, Pobalashingham S, Bjaalie JG, <strong>Nadasdy Z<\/strong> (2005) Three-dimensional chemoarchitecture of the basal forebrain: spatially specific association of cholinergic and calcium binding protein-containing neurons. <em>Neuroscience<\/em>. 136(3):697-713.<\/p>\n<p>Claverol-Tinture E <strong>Nadasdy Z<\/strong> (2004) Intersection of microwire electrodes with proximal CA1 stratum-pyramidale neurons at insertion for multi-unit recordings predictable by a 3D computer model. <em>IEEE Trans Biomed Eng<\/em>. 51(12): 2211-6<\/p>\n<p>Quiroga RQ, <strong>Nadasdy Z<\/strong>, Ben-Shaul Y. (2004) Unsupervised spike detection and sorting with wavelets and superparamagnetic clustering. <em>Neural Comput<\/em>. 16(8):1661-87.<\/p>\n<p>Ben-Shaul Y, Drori R, Asher I, Stark E, <strong>Nadasdy Z<\/strong>, Abeles M. (2004) Neuronal activity in motor cortical areas reflects the sequential context of movement. <em>J Neurophysiol<\/em>. 91(4):1748-62.<\/p>\n<p>Ben-Shaul Y, Stark E, Asher I, Drori R, <strong>Nadasdy Z<\/strong>, Abeles M. (2003) Dynamical organization of directional tuning in the primate premotor and primary motor cortex. J Neurophysiol. 2003 Feb;89(2):1136-42.<\/p>\n<p><strong>Nadasdy Z<\/strong> (2001) Spike sequences and their consequences. J Physiol Paris. 94(5-6): 505-24.<\/p>\n<p><strong>Nadasdy Z<\/strong>, Zaborszky L (2001) Visualization of density relations in large-scale neural networks. Anat Embryol (Berl). 204(4):303-17.<\/p>\n<p><strong>Nadasdy Z<\/strong>, Hirase H, Czurk\u00f3 A, Csicsvari J, Buzs\u00e1ki G (1999) Replay and time compression of recurring spike sequences in the hippocampus. J Neurosci 19:21 9497-507.<\/p>\n<p>Zaborszky L, Pang K, Somogyi J, <strong>Nadasdy Z<\/strong>, Kallo I (1999) The basal forebrain corticopetal system revisited. <em>Ann NY Acad Sci<\/em> 877: 339-67.<\/p>\n<p>Buzs\u00e1ki G, Penttonen M, <strong>Nadasdy Z<\/strong>, Bragin A (1996) Pattern and inhibition dependent invasion of pyramidal cell dendrites by fast spikes in the hippocampus in vivo. <em>PNAS<\/em>, Vol 93: 9921-9925.<\/p>\n<p>Bragin, A, Jando, G, <strong>Nadasdy, Z<\/strong>, van Landenghem M and Buzs\u00e1ki, G (1995) Dentate EEG spikes and associated interneuronal population burst in the hippocampal hilar region of the rat, <em>J. Neurophys.<\/em>, 73(4):1691-1705.<\/p>\n<p>Buzs\u00e1ki G, Penttonen M, Bragin A, <strong>Nadasdy Z<\/strong> and Chrobak J (1995) Possible physiological role of the entorhinal-Ammon&#8217;s horn system, <em>Hippocampus<\/em>, 5(2):141-146.<\/p>\n<p>Ylinen A, Bragin A, <strong>Nadasdy Z<\/strong>, Jand\u00f3 G, Szab\u00f3 I, Sik A and Buzs\u00e1ki G (1995) Sharp wave-associated high-frequency oscillation (200 Hz) in the intact hippocampus: network and intracellular mechanisms, <em>J. Neurosci<\/em>., 15(1):30-46.<\/p>\n<p>Gergely G, <strong>N\u00e1dasdy Z<\/strong>, Csibra G and Bir\u00f3 S (1995) Taking the intentional stance at twelve months of age. <em>Cognition<\/em>, 56: 165-193.<\/p>\n<p>Bragin A, Jand\u00f3 G, <strong>Nadasdy Z<\/strong>, Hetke, J, Wise K, Buzs\u00e1ki G (1995) Gamma (40-100 Hz) oscillation in the hippocampus of the behaving rat, <em>J. Neurosci<\/em>., 15(1):47-60.<\/p>\n<p>Bakay EP, Marton M, <strong>N\u00e1dasdy Z<\/strong> and Rig\u00f3 P (1994) The functional significance of slow negative and positive waves examined by the method of neutral (irrelevant) probe stimuli. <em>Pszichologia<\/em>, Vol 14 (23-54).<\/p>\n<p><em><strong>Other Publications:<\/strong><\/em><\/p>\n<p><b>Nadasdy Z<\/b> (2014): Information encoding and reconstruction by phase coding of spikes (in: Analysis and Modeling of Coordinated Multi-neuronal Activity, Masami Tatsuno, MD, (Eds.) (in print)<\/p>\n<p><b>Nadasdy Z<\/b> (2014): MATLAB Fundamentals with Cognitive Psychology and Neuroscience Examples, (Textbook) T\u00c1MOP 4.1.2.A\/1-11\/1-2011-0018 (Budapest)<\/p>\n<p>Zaborszky L, Duque A, Gielow M, <b>Nadasdy Z,<\/b> Somogyi J. (2013) Dendritic Organization of the Basal Forebrain Cholinergic Projection System: Specific or Diffuse? (The Rat Nervous System, Paxinos G. (Eds.))<\/p>\n<p><strong>Nadasdy Z<\/strong>, Buzsaki G, Zaborszky L (2006) Functional Connectivity of the Brain: Reconstruction from Static and Dynamic Data In: Neuroanatomical Tract-Tracing 3, Springer, New York, NY.<\/p>\n<p><strong>Nadasdy Z<\/strong>, Fiser J (2002) Artificial and biological networks of learning In: Pleh, Gulyas, Kovacs (Eds.): \u201cCognitive Neuroscience\u201d, Ozirisz, Hungary.<\/p>\n<p>Fiser J, <strong>Nadasdy Z<\/strong>, (2002) Neural coding in space and time In: Pleh, Kovacs,&nbsp; Gulyas, Kovacs (Eds.): \u201cCognitive Neuroscience\u201d, Ozirisz, Hungary.<\/p>\n<p>Zaborszky L, Csordas A, Buhl DL, Duque A, Somogyi J and <strong>Nadasdy Z<\/strong> (2002) Computational Anatomical Analysis of the Basal Forebrain Corticopetal System In: Ascoli, GA (Ed:) \u201cComputational Neuroanatomy: Principles and Methods\u201d. Humana Press, New Jersey.<\/p>\n<p><strong>N\u00e1dasdy<\/strong> Z, Csicsvari J, Penttonen M, Hetke J, Wise K and Buzs\u00e1ki G (1998) Extracellular recording and analysis of neuronal activity: from single cells to ensembles. In: Eichenbaum HB and Davis JL (Eds.): &#8220;Neuronal Ensembles: Strategies for Recording and Decoding&#8221;.Wiley, New York.<\/p>\n<p>Buzs\u00e1ki G, Bragin A, Chrobak JJ, <strong>N\u00e1dasdy Z<\/strong>, Sik A, Hsu M and Ylinen A (1994) Oscillatory and intermittent synchrony in the hippocampus: Relevance to memory trace formation. G. Buzs\u00e1ki et al. (Eds.) Temporal coding in the brain, Springer-Verlag Berling Heidelberg.<\/p>\n<p><strong>N\u00e1dasdy Z<\/strong>. (1997) Modeling Short Term Memory by Connectionist Principles. Pl\u00e9h, Cs.(ed): Parallel models in Cognitive Science, Budapest.<\/p>\n<p><strong>N\u00e1dasdy Z<\/strong>. (1997) Is the PDP a theory of representation? Or else what is a theory of representation? Pl\u00e9h, Cs.(ed): Parallel models in Cognitive Science, Budapest.<\/p>\n<p><em><strong>Poster presentations:<\/strong><\/em><\/p>\n<p><strong>Nadasdy Z, <\/strong>Kirmani B &nbsp;(2010) Source Localization of Epileptic Foci from EEG. 1.105. American Epilepsy Society Annual Meeting. San Antonio, TX.<\/p>\n<p><strong>Nadasdy Z<\/strong>, Varsanyi P, Zaborszky L. (2010) What clustering can teach us about the Basal Forebrain Cholinergic system. P24. Neuroinformatics 2010 Kobe. Japan<\/p>\n<p><strong>Nadasdy Z<\/strong>, Andersen R.A. (2007) Modeling perceptual ambiguity resolution in V1. 715.8\/FF1. Neuroscience Meeting Planner. San Diego, CA: Society for Neuroscience, 2007. Online.<\/p>\n<p><strong>Nadasdy Z<\/strong>, Pesaran B, Andersen RA (2006) Stimulus- and percept-dependent biases of V1 neuronal activity for ambiguous three-dimensional objects. 801.16\/F14. Neuroscience Meeting Planner. Atlanta, GA: Society for Neuroscience, 2006. Online.<\/p>\n<p><strong>Nadasdy Z<\/strong>, Saenz M, Pesaran B, Koch C, &nbsp;Andersen RA (2005) Firing rate of v1 neurons predicts perception of ambiguous three-dimensional objects Program No. 510.10. Abstract Viewer\/Itinerary Planner. Washington, DC: Society for Neuroscience,&nbsp; Online.<\/p>\n<p><strong>Nadasdy Z<\/strong>, Pesaran B, Saenz M, , Koch C, &nbsp;Andersen RA (2004) Perceptual bias in v1 neuronal responses to ambiguous three-dimensional objects. Program No. 526.15. 2004 Abstract Viewer\/Itinerary Planner. Washington, DC: Society for Neuroscience,&nbsp; Online.<\/p>\n<p>Lee B, Pesaran B, <strong>Nadasdy Z<\/strong>, Andersen RA (2004) Translation speed compensation in area MSTD. Program No. 526.20. 2004 Abstract Viewer\/Itinerary Planner. Washington, DC: Society for Neuroscience, Online.<\/p>\n<p><strong>Nadasdy Z<\/strong>, Wagenaar DA, Potter SM (2003) Attractor dynamics of superbursts in living neural networks. Program No. 547.6. 2003 Abstract Viewer\/Itinerary Planner. Washington, DC: Society for Neuroscience, Online.<\/p>\n<p><strong>Nadasdy Z<\/strong>, Quian Quiroga R, Ben-Shaul Y, Pesaran B, Wagenaar DA, Andersen R (2002). Comparison of unsupervised algorithms for on-line and off-line spike sorting. Program No. 405.16. 2002 Abstract Viewer\/Itinerary Planner. Washington, DC: Society for Neuroscience, 2002. Online.<\/p>\n<p>Quian Quiroga R, <strong>Nadasdy Z<\/strong>, Ben-Shaul Y, Pesaran B, Bragin A, Andersen R (2002) Unsupervised spike detection and sorting using wavelets. Program No. 125.3. 2002 Abstract Viewer\/Itinerary Planner. Washington, DC: Society for Neuroscience, 2002. Online.<\/p>\n<p><strong>Nadasdy Z<\/strong>, Drori R, Ben-Shaul Y, Abeles M (2001) Tuning properties and correlation topology of motor cortical neuronal assemblies during drawing behavior on monkeys. Program No. 289.4 Abstract Viewer\/Itinerary Planner. San Diego, CA: Society for Neuroscience, Online.<\/p>\n<p>Ben-Shaul Y, Drori R, Asher I, <strong>Nadasdy Z<\/strong>, Stark E, Arkadir D, Bergman H, Abeles M (2001) Single neuron activity conveys information about complexity of performed motion. Program No. 289.14 Abstract Viewer\/Itinerary Planner. San Diego, CA: Society for Neuroscience, Online.<\/p>\n<p>Csordas A, <strong>Nadasdy Z<\/strong>, Zaborszky L (2000) A second look at the organization of the basal forebrain corticopetal system in rat. Program No. 804.2, Abstract Viewer\/Itinerary Planner. New Orleans, LA: Society for Neuroscience, Online.<\/p>\n<p>1993 &#8211; 2000 &nbsp;&nbsp;&nbsp;&nbsp;&nbsp;&nbsp;&nbsp; Annual Society for Neuroscience meetings (Posters)<\/p>\n<p><em><strong>Lectures:<\/strong><\/em><\/p>\n<p>1998&nbsp;&nbsp;&nbsp;&nbsp;&nbsp;&nbsp;&nbsp;&nbsp;&nbsp;&nbsp;&nbsp;&nbsp;&nbsp;&nbsp;&nbsp; UNESCO conference on Developing Standards and Practices for Electronic Publishing, Paris (Invited talk)<\/p>\n<p>1999&nbsp;&nbsp;&nbsp;&nbsp;&nbsp;&nbsp;&nbsp;&nbsp;&nbsp;&nbsp;&nbsp;&nbsp;&nbsp;&nbsp;&nbsp; NIPS Multielectrode Recording Workshop, Breckenridge, (Invited talk)<\/p>\n<p>2000&nbsp;&nbsp;&nbsp;&nbsp;&nbsp;&nbsp;&nbsp;&nbsp;&nbsp;&nbsp;&nbsp;&nbsp;&nbsp;&nbsp;&nbsp; International Conference on Aspects of Neuronal Dynamics, Bremen (Invited talk)<\/p>\n<p>2000&nbsp;&nbsp;&nbsp;&nbsp;&nbsp;&nbsp;&nbsp;&nbsp;&nbsp;&nbsp;&nbsp;&nbsp;&nbsp;&nbsp;&nbsp; Seminars Series in Neuroscience: Hebrew University<\/p>\n<p>2000&nbsp; &nbsp;&nbsp;&nbsp;&nbsp;&nbsp;&nbsp;&nbsp;&nbsp;&nbsp;&nbsp;&nbsp;&nbsp;&nbsp; Course on Neural Coding, (undergraduate\/graduate level) University of Szeged Invited lecture series http:\/\/www.vis.caltech.edu\/~zoltan\/neuralcoding.html<\/p>\n<p>2004&nbsp;&nbsp;&nbsp;&nbsp;&nbsp;&nbsp;&nbsp;&nbsp;&nbsp;&nbsp;&nbsp;&nbsp;&nbsp;&nbsp;&nbsp; VSS: Vision Sciences Society, Sarasota FL (Poster)<\/p>\n<p>2005&nbsp;&nbsp;&nbsp;&nbsp;&nbsp;&nbsp;&nbsp;&nbsp;&nbsp;&nbsp;&nbsp;&nbsp;&nbsp;&nbsp;&nbsp; ECVP: European Conference on Visual Perception, Budapest (Poster)<\/p>\n<p>2006&nbsp; &nbsp;&nbsp;&nbsp;&nbsp; &nbsp;&nbsp;&nbsp;&nbsp;&nbsp;&nbsp;&nbsp;&nbsp; MEA SYMPOSIUM \u201cMultielectrode array studies and neuronal plasticity: views and perspectives on experimentation and data analyses\u201d, Amsterdam (Invited talk)<\/p>\n<p>2008&nbsp;&nbsp;&nbsp;&nbsp;&nbsp;&nbsp;&nbsp;&nbsp;&nbsp;&nbsp;&nbsp;&nbsp;&nbsp;&nbsp;&nbsp; Society for Neuroscience (2008) \u201cEncoding and decoding information by the phase of action potentials\u201d Neuroscience Meeting Planner. Washington DC: Society for Neuroscience, 514.5. Online.<\/p>\n<p>2008&nbsp;&nbsp;&nbsp;&nbsp;&nbsp;&nbsp;&nbsp;&nbsp;&nbsp;&nbsp;&nbsp;&nbsp;&nbsp;&nbsp;&nbsp; Sloan-Swartz Centers for Theoretical Neurobiology Annual Meeting, Princeton University, Princeton, NJ<\/p>\n<p>2009&nbsp;&nbsp;&nbsp;&nbsp;&nbsp;&nbsp;&nbsp;&nbsp;&nbsp;&nbsp;&nbsp;&nbsp;&nbsp;&nbsp;&nbsp; CNIC, University of Bordeaux, Bordeaux, France<\/p>\n<p>2009&nbsp;&nbsp;&nbsp;&nbsp;&nbsp;&nbsp;&nbsp;&nbsp;&nbsp;&nbsp;&nbsp;&nbsp;&nbsp;&nbsp;&nbsp; Hungarian vision science conference, Szeged, Hungary<\/p>\n<p>2010 &nbsp;&nbsp;&nbsp;&nbsp;&nbsp;&nbsp;&nbsp;&nbsp;&nbsp;&nbsp;&nbsp;&nbsp;&nbsp;&nbsp; COSYNE workshop &nbsp;(invited talk) &#8220;Disentangling perceptual biases in the primary visual cortex&#8221;<\/p>\n<p>2010&nbsp;&nbsp;&nbsp;&nbsp;&nbsp;&nbsp;&nbsp;&nbsp;&nbsp;&nbsp;&nbsp;&nbsp;&nbsp;&nbsp;&nbsp; Vision Sciences Society annual meeting, Naples, FL &#8220;Perception of apparent motion relies on postdictive interpolation&#8221;<\/p>\n","protected":false},"excerpt":{"rendered":"<p>Peer-reviewed publications: Nadasdy, Z., Nguyen, T. P., T\u00f6r\u00f6k, \u00c1., Shen, J. Y., Briggs, D. E., Modur, P. N., &amp; Buchanan, R. J. (2017). Context-dependent spatially periodic activity in the human entorhinal cortex.&nbsp;Proceedings of the National Academy of Sciences,&nbsp;114(17), E3516-E3525. Buchanan &hellip; <a href=\"https:\/\/brainstim.psy.utexas.edu\/?page_id=43\">Continue reading <span class=\"meta-nav\">&rarr;<\/span><\/a><\/p>\n","protected":false},"author":11,"featured_media":0,"parent":0,"menu_order":0,"comment_status":"closed","ping_status":"open","template":"","meta":{"footnotes":""},"class_list":["post-43","page","type-page","status-publish","hentry"],"_links":{"self":[{"href":"https:\/\/brainstim.psy.utexas.edu\/index.php?rest_route=\/wp\/v2\/pages\/43","targetHints":{"allow":["GET"]}}],"collection":[{"href":"https:\/\/brainstim.psy.utexas.edu\/index.php?rest_route=\/wp\/v2\/pages"}],"about":[{"href":"https:\/\/brainstim.psy.utexas.edu\/index.php?rest_route=\/wp\/v2\/types\/page"}],"author":[{"embeddable":true,"href":"https:\/\/brainstim.psy.utexas.edu\/index.php?rest_route=\/wp\/v2\/users\/11"}],"replies":[{"embeddable":true,"href":"https:\/\/brainstim.psy.utexas.edu\/index.php?rest_route=%2Fwp%2Fv2%2Fcomments&post=43"}],"version-history":[{"count":13,"href":"https:\/\/brainstim.psy.utexas.edu\/index.php?rest_route=\/wp\/v2\/pages\/43\/revisions"}],"predecessor-version":[{"id":381,"href":"https:\/\/brainstim.psy.utexas.edu\/index.php?rest_route=\/wp\/v2\/pages\/43\/revisions\/381"}],"wp:attachment":[{"href":"https:\/\/brainstim.psy.utexas.edu\/index.php?rest_route=%2Fwp%2Fv2%2Fmedia&parent=43"}],"curies":[{"name":"wp","href":"https:\/\/api.w.org\/{rel}","templated":true}]}}