{"id":55,"date":"2011-02-19T18:01:20","date_gmt":"2011-02-19T18:01:20","guid":{"rendered":"http:\/\/brainstim.psy.utexas.edu\/?page_id=55"},"modified":"2023-01-31T16:40:53","modified_gmt":"2023-01-31T16:40:53","slug":"nadasdys-bio","status":"publish","type":"page","link":"http:\/\/brainstim.psy.utexas.edu\/?page_id=55","title":{"rendered":"Nadasdy&#8217;s bio"},"content":{"rendered":"<p><em><strong>Education\/Training:<\/strong><\/em><\/p>\n<p>1983 &#8211; 1988 &nbsp;&nbsp;&nbsp; E\u00f6tv\u00f6s L\u00f3r\u00e1nd University Budapest<\/p>\n<p>1988 &nbsp;&nbsp;&nbsp;&nbsp;&nbsp;&nbsp;&nbsp; &nbsp;&nbsp;&nbsp;&nbsp;&nbsp;&nbsp; MA\/Psychology<\/p>\n<p>1988 &#8211; 1991 &nbsp;&nbsp;&nbsp; Graduate Studies-I: Institute for Psychology, Div. of Human Electrophysiology, Budapest&nbsp; (Thesis advisor: Magda Marton, Ph.D)<\/p>\n<p>1992 &#8211; 1998&nbsp; &nbsp;&nbsp; Graduate Studies-II: Rutgers University, Center for Molecular and Behavioral Neuroscience, Newark<\/p>\n<p>(Thesis advisor: Gyorgy Buzsaki, M.D., Ph.D)<\/p>\n<p>1999 &nbsp;&nbsp;&nbsp;&nbsp;&nbsp;&nbsp;&nbsp; &nbsp;&nbsp;&nbsp;&nbsp;&nbsp;&nbsp; Ph.D.\/Neuroscience<\/p>\n<p>1999 &#8211; 2001 &nbsp;&nbsp;&nbsp; Postdoctoral studies-I:<em> <\/em>The Hebrew University, Interdisciplinary Center for Neural Computation and Dept. of Physiology, Jerusalem:<\/p>\n<p>(Advisor: Prof. Moshe Abeles, M.D., Ph.D)<em><\/em><\/p>\n<p>2001 &#8211; 2007&nbsp;&nbsp;&nbsp;&nbsp; Postdoctoral studies-II: California Institute of Technology, Div. of Biology:<\/p>\n<p>(Advisor: Prof. Richard Andersen, Ph.D)<\/p>\n<p>2007 &#8211; 2009&nbsp;&nbsp;&nbsp; Postdoctoral studies-III: California Institute of Technology, Div. of Biology:<\/p>\n<p>(Advisor: Prof. Shinsuke Shimojo, Ph.D)<\/p>\n<p><em><strong>Positions:<\/strong><\/em> <em><\/em><\/p>\n<p>1988 &#8211; 1991 &nbsp;&nbsp;&nbsp;&nbsp; Institute for Psychology: Div. of Human Electrophysiology, Budapest: Research Assistant<\/p>\n<p>2007-2009&nbsp;&nbsp;&nbsp;&nbsp;&nbsp;&nbsp; California Institute of Technology, Div. of Biology, Pasadena, CA: Associate Staff Scientist&nbsp;&nbsp;&nbsp;&nbsp;&nbsp;&nbsp;&nbsp;&nbsp;&nbsp;&nbsp; <em><\/em><\/p>\n<p>2009-2010&nbsp;&nbsp;&nbsp;&nbsp;&nbsp;&nbsp; Neuroscience Institute, Scott &amp; White Hospital, Texas A&amp;M Health Science Center, Temple, TX: Research Scientist<\/p>\n<p>2010-2013 &nbsp; &nbsp; &nbsp; &nbsp; &nbsp; &nbsp; &nbsp; Seton Brain &amp; Spine Institute, Austin TX: Research Scientist<\/p>\n<p>2010-&nbsp;&nbsp;&nbsp;&nbsp;&nbsp;&nbsp;&nbsp;&nbsp;&nbsp;&nbsp;&nbsp;&nbsp;&nbsp;&nbsp; Adjunct Faculty at UT Austin, Department of Psychology<\/p>\n<p>2013- &nbsp; &nbsp; &nbsp; &nbsp; &nbsp; &nbsp; &nbsp; NeuroTexas Institute, St. David&#8217;s Healthcare, Austin TX: Principal Investigator<\/p>\n<p><em><strong>Honors:<\/strong><\/em><em> <\/em><\/p>\n<p>1996&nbsp;&nbsp;&nbsp;&nbsp;&nbsp;&nbsp;&nbsp;&nbsp;&nbsp;&nbsp;&nbsp;&nbsp;&nbsp;&nbsp;&nbsp; Solomon Graduate Research Award<\/p>\n<p>1998&nbsp;&nbsp;&nbsp;&nbsp;&nbsp;&nbsp;&nbsp;&nbsp;&nbsp;&nbsp;&nbsp;&nbsp;&nbsp;&nbsp;&nbsp; Lady Davis Postdoctoral Fellowship award<\/p>\n<p>1999&nbsp;&nbsp;&nbsp;&nbsp;&nbsp;&nbsp;&nbsp;&nbsp;&nbsp;&nbsp;&nbsp;&nbsp;&nbsp;&nbsp;&nbsp; Golda Meir Postdoctoral Fellowship award<\/p>\n<p><em>Membership:<\/em><em> <\/em><\/p>\n<p>2006&nbsp;&nbsp;&nbsp;&nbsp;&nbsp;&nbsp;&nbsp;&nbsp;&nbsp;&nbsp;&nbsp;&nbsp;&nbsp;&nbsp;&nbsp; Editorial board member of the journal \u201cBrain Structure and Function\u201d (Springer)<\/p>\n<p>1992-&nbsp;&nbsp;&nbsp;&nbsp;&nbsp;&nbsp;&nbsp;&nbsp;&nbsp;&nbsp;&nbsp;&nbsp;&nbsp;&nbsp; Member of Society for Neuroscience<\/p>\n<p>2004-&nbsp;&nbsp;&nbsp;&nbsp;&nbsp;&nbsp;&nbsp;&nbsp;&nbsp;&nbsp;&nbsp;&nbsp;&nbsp;&nbsp; Member of the Vision Sciences Society<\/p>\n<p>2010-&nbsp;&nbsp;&nbsp;&nbsp;&nbsp;&nbsp;&nbsp;&nbsp;&nbsp;&nbsp;&nbsp;&nbsp;&nbsp;&nbsp; Member of the American Epilepsy Society<\/p>\n","protected":false},"excerpt":{"rendered":"<p>Education\/Training: 1983 &#8211; 1988 &nbsp;&nbsp;&nbsp; E\u00f6tv\u00f6s L\u00f3r\u00e1nd University Budapest 1988 &nbsp;&nbsp;&nbsp;&nbsp;&nbsp;&nbsp;&nbsp; &nbsp;&nbsp;&nbsp;&nbsp;&nbsp;&nbsp; MA\/Psychology 1988 &#8211; 1991 &nbsp;&nbsp;&nbsp; Graduate Studies-I: Institute for Psychology, Div. of Human Electrophysiology, Budapest&nbsp; (Thesis advisor: Magda Marton, Ph.D) 1992 &#8211; 1998&nbsp; &nbsp;&nbsp; Graduate Studies-II: Rutgers University, &hellip; <a href=\"http:\/\/brainstim.psy.utexas.edu\/?page_id=55\">Continue reading <span class=\"meta-nav\">&rarr;<\/span><\/a><\/p>\n","protected":false},"author":11,"featured_media":0,"parent":0,"menu_order":0,"comment_status":"closed","ping_status":"open","template":"","meta":{"footnotes":""},"class_list":["post-55","page","type-page","status-publish","hentry"],"_links":{"self":[{"href":"http:\/\/brainstim.psy.utexas.edu\/index.php?rest_route=\/wp\/v2\/pages\/55","targetHints":{"allow":["GET"]}}],"collection":[{"href":"http:\/\/brainstim.psy.utexas.edu\/index.php?rest_route=\/wp\/v2\/pages"}],"about":[{"href":"http:\/\/brainstim.psy.utexas.edu\/index.php?rest_route=\/wp\/v2\/types\/page"}],"author":[{"embeddable":true,"href":"http:\/\/brainstim.psy.utexas.edu\/index.php?rest_route=\/wp\/v2\/users\/11"}],"replies":[{"embeddable":true,"href":"http:\/\/brainstim.psy.utexas.edu\/index.php?rest_route=%2Fwp%2Fv2%2Fcomments&post=55"}],"version-history":[{"count":5,"href":"http:\/\/brainstim.psy.utexas.edu\/index.php?rest_route=\/wp\/v2\/pages\/55\/revisions"}],"predecessor-version":[{"id":378,"href":"http:\/\/brainstim.psy.utexas.edu\/index.php?rest_route=\/wp\/v2\/pages\/55\/revisions\/378"}],"wp:attachment":[{"href":"http:\/\/brainstim.psy.utexas.edu\/index.php?rest_route=%2Fwp%2Fv2%2Fmedia&parent=55"}],"curies":[{"name":"wp","href":"https:\/\/api.w.org\/{rel}","templated":true}]}}